{"id":10039,"date":"2021-01-14T11:22:41","date_gmt":"2021-01-14T11:22:41","guid":{"rendered":"https:\/\/www.bacaniaboiereasca.ro\/magazin-online\/?page_id=10039"},"modified":"2024-01-16T12:40:23","modified_gmt":"2024-01-16T12:40:23","slug":"livrare","status":"publish","type":"page","link":"https:\/\/www.bacaniaboiereasca.ro\/magazin-online\/livrare\/","title":{"rendered":"Livrare"},"content":{"rendered":"\t\t<div data-elementor-type=\"wp-page\" data-elementor-id=\"10039\" class=\"elementor elementor-10039\">\n\t\t\t\t\t\t<section class=\"wd-negative-gap elementor-section elementor-top-section elementor-element elementor-element-de795b1 elementor-section-boxed elementor-section-height-default elementor-section-height-default\" data-id=\"de795b1\" data-element_type=\"section\" data-e-type=\"section\">\n\t\t\t\t\t\t<div class=\"elementor-container elementor-column-gap-default\">\n\t\t\t\t\t<div class=\"elementor-column elementor-col-100 elementor-top-column elementor-element elementor-element-15d4650\" data-id=\"15d4650\" data-element_type=\"column\" data-e-type=\"column\">\n\t\t\t<div class=\"elementor-widget-wrap elementor-element-populated\">\n\t\t\t\t\t\t<div class=\"elementor-element elementor-element-413dc91 elementor-widget elementor-widget-heading\" data-id=\"413dc91\" data-element_type=\"widget\" data-e-type=\"widget\" data-widget_type=\"heading.default\">\n\t\t\t\t<div class=\"elementor-widget-container\">\n\t\t\t\t\t<h2 class=\"elementor-heading-title elementor-size-default\">LIVRAM LA TINE ACASA!<\/h2>\t\t\t\t<\/div>\n\t\t\t\t<\/div>\n\t\t\t\t<div class=\"elementor-element elementor-element-e041d58 color-scheme-inherit text-left elementor-widget elementor-widget-text-editor\" data-id=\"e041d58\" data-element_type=\"widget\" data-e-type=\"widget\" data-widget_type=\"text-editor.default\">\n\t\t\t\t<div class=\"elementor-widget-container\">\n\t\t\t\t\t\t\t\t\t<p><strong><br \/><\/strong><strong>Comanda de la noi cu livrare la domiciliu daca locuiesti in municipiul Suceava, Moara, Scheia, Ipotesti, Lisaura, Itcani, Burdujeni.<\/strong><\/p><p><strong>Facem livrari si in Iasi, dar o singura data pe saptamana, in ziua de vineri. Pentru Iasi, comenzile se preiau pana joi, ora 12.00.<\/strong><strong>\u00a0 \u00a0<br \/>Viziteaza magazinul nostru online si adauga produsele preferate in cosul de cumparaturi.<\/strong><\/p><ul><li>Preturile afisate sunt per suta de grame si per bucata.<\/li><li>Valoarea totala a produselor livrate poate sa difere cantitativ de cea a produselor comandate cu 10-20%. Acest lucru atrage dupa sine si modificarea pretului.<\/li><li>Livarea este gratuita pentru comenzi mai mari de 50 lei pentru Suceava si zonele limitrofe, si mai mari de 100 lei pentru Iasi.<\/li><li>Produsele vor fi livrate in limita disponibilitatii acestora.<\/li><li>In caz de refuz \/anulare comanda , banii sa fie returnati in cont in decurs de maxim 30 zile calendaristice.<\/li><\/ul><p><strong>Atunci cand finalizezi comanda, completeaza cu atentie formularul de livrare.<\/strong><\/p><ul><li>Include in adresa de livrare si cartierul in care se afla strada unde trebuie facuta livrarea.<\/li><\/ul><p><strong>Spune-ne cand vrei sa primesti comanda.<\/strong><\/p><p>Poti sa alegi ziua si intervalul orar preferat pentru efectuarea livrarii, dar sa tii cont de urmatoarele aspecte:<\/p><ul><li><p>De luni p\u00e2n\u0103 vineri p\u00e2n\u0103 \u00een ora 19:00<\/p><p>S\u00e2mb\u0103ta p\u00e2n\u0103 \u00een ora 17:00<\/p><p>Duminic\u0103 se\u00a0livreaz\u0103\u00a0luni<\/p><\/li><li>In cazul platourilor, comanda trebuie data cu cel putin o zi inainte.<\/li><li>In cazuri speciale, cum ar fi sarbatorile, iti recomandam sa ne trimiti comanda si mai devreme, pentru a o putea pregati in timp util.<\/li><\/ul><p><strong>\u00a0Alege modul in care vrei sa platesti.<\/strong><\/p><ul><li>Poti plati atat cu cardul, cat si cu numerar sau tichete de masa. Recomandam, insa, utilizarea cardului bancar.<\/li><li>Livr\u0103rile \u00een Suceava \u0219i Ia\u0219i (cu ma\u0219ina proprie) se pot achita doar cu numerar (sau prin transfer bancar, pentru comenzile din restul \u021barii).<\/li><\/ul><p><strong>Dupa finalizarea formularului de livrare, vei primi un e-mail de confirmare a comenzii.<\/strong><\/p><ul><li>Este bine sa verifici inclusiv in Spam primirea acestui e-mail de confirmare.<\/li><li>In cazul in care nu ai primit o confirmare a comenzii, te rugam sa suni la numarul 0754 338 338.<\/li><li>Inainte ca pachetul sa paraseasca sediul nostru, un coleg te va contacta telefonic pentru a confirma livrarea. In cazul in care vor exista intarzieri in livrare va vom informa cu promptitudine prin telefon sau e-mail.<\/li><li>Pentru produsele comandate si nelivrate din diverse motive (lipsa stoc, etc), vei fi anuntat din timp. Eventual, se va fixa o alta data de livrare sau se va putea inlocui produsul cu un altul.<\/li><li>Daca doresti ridicarea personala din bacanie, bifeaza optiunea de ridicare personala din cadrul sectiunii: Comanda mea. Vei putea ridica pachetul de la sediul bacaniei din Suceava, cartierul Obcini, bdul. Gavril Tudoras, nr. 36, dupa ce ai primit telefonul de confirmare a disponibilitatii produselor.<\/li><\/ul>\t\t\t\t\t\t\t\t<\/div>\n\t\t\t\t<\/div>\n\t\t\t\t\t<\/div>\n\t\t<\/div>\n\t\t\t\t\t<\/div>\n\t\t<\/section>\n\t\t\t\t<\/div>\n\t\t","protected":false},"excerpt":{"rendered":"<p>LIVRAM LA TINE ACASA! Comanda de la noi cu livrare la domiciliu daca locuiesti in municipiul Suceava, Moara, Scheia, Ipotesti,<\/p>\n","protected":false},"author":1,"featured_media":0,"parent":0,"menu_order":0,"comment_status":"closed","ping_status":"closed","template":"elementor_header_footer","meta":{"footnotes":""},"class_list":["post-10039","page","type-page","status-publish","hentry"],"yoast_head":"<!-- This site is optimized with the Yoast SEO plugin v27.0 - https:\/\/yoast.com\/product\/yoast-seo-wordpress\/ -->\n<title>Livrare - Bacania Boiereasca Suceava<\/title>\n<meta name=\"robots\" content=\"index, follow, max-snippet:-1, max-image-preview:large, max-video-preview:-1\" \/>\n<link rel=\"canonical\" href=\"https:\/\/www.bacaniaboiereasca.ro\/magazin-online\/livrare\/\" \/>\n<meta property=\"og:locale\" content=\"ro_RO\" \/>\n<meta property=\"og:type\" content=\"article\" \/>\n<meta property=\"og:title\" content=\"Livrare - Bacania Boiereasca Suceava\" \/>\n<meta property=\"og:description\" content=\"LIVRAM LA TINE ACASA! Comanda de la noi cu livrare la domiciliu daca locuiesti in municipiul Suceava, Moara, Scheia, Ipotesti,\" \/>\n<meta property=\"og:url\" content=\"https:\/\/www.bacaniaboiereasca.ro\/magazin-online\/livrare\/\" \/>\n<meta property=\"og:site_name\" content=\"Bacania Boiereasca Suceava\" \/>\n<meta property=\"article:modified_time\" content=\"2024-01-16T12:40:23+00:00\" \/>\n<meta name=\"twitter:card\" content=\"summary_large_image\" \/>\n<meta name=\"twitter:label1\" content=\"Timp estimat pentru citire\" \/>\n\t<meta name=\"twitter:data1\" content=\"3 minute\" \/>\n<script type=\"application\/ld+json\" class=\"yoast-schema-graph\">{\"@context\":\"https:\/\/schema.org\",\"@graph\":[{\"@type\":\"WebPage\",\"@id\":\"https:\/\/www.bacaniaboiereasca.ro\/magazin-online\/livrare\/\",\"url\":\"https:\/\/www.bacaniaboiereasca.ro\/magazin-online\/livrare\/\",\"name\":\"Livrare - Bacania Boiereasca Suceava\",\"isPartOf\":{\"@id\":\"https:\/\/www.bacaniaboiereasca.ro\/magazin-online\/#website\"},\"datePublished\":\"2021-01-14T11:22:41+00:00\",\"dateModified\":\"2024-01-16T12:40:23+00:00\",\"breadcrumb\":{\"@id\":\"https:\/\/www.bacaniaboiereasca.ro\/magazin-online\/livrare\/#breadcrumb\"},\"inLanguage\":\"ro-RO\",\"potentialAction\":[{\"@type\":\"ReadAction\",\"target\":[\"https:\/\/www.bacaniaboiereasca.ro\/magazin-online\/livrare\/\"]}]},{\"@type\":\"BreadcrumbList\",\"@id\":\"https:\/\/www.bacaniaboiereasca.ro\/magazin-online\/livrare\/#breadcrumb\",\"itemListElement\":[{\"@type\":\"ListItem\",\"position\":1,\"name\":\"Prima pagin\u0103\",\"item\":\"https:\/\/www.bacaniaboiereasca.ro\/magazin-online\/\"},{\"@type\":\"ListItem\",\"position\":2,\"name\":\"Livrare\"}]},{\"@type\":\"WebSite\",\"@id\":\"https:\/\/www.bacaniaboiereasca.ro\/magazin-online\/#website\",\"url\":\"https:\/\/www.bacaniaboiereasca.ro\/magazin-online\/\",\"name\":\"Bacania Boiereasca Suceava\",\"description\":\"Magazin Online\",\"potentialAction\":[{\"@type\":\"SearchAction\",\"target\":{\"@type\":\"EntryPoint\",\"urlTemplate\":\"https:\/\/www.bacaniaboiereasca.ro\/magazin-online\/?s={search_term_string}\"},\"query-input\":{\"@type\":\"PropertyValueSpecification\",\"valueRequired\":true,\"valueName\":\"search_term_string\"}}],\"inLanguage\":\"ro-RO\"}]}<\/script>\n<!-- \/ Yoast SEO plugin. -->","yoast_head_json":{"title":"Livrare - Bacania Boiereasca Suceava","robots":{"index":"index","follow":"follow","max-snippet":"max-snippet:-1","max-image-preview":"max-image-preview:large","max-video-preview":"max-video-preview:-1"},"canonical":"https:\/\/www.bacaniaboiereasca.ro\/magazin-online\/livrare\/","og_locale":"ro_RO","og_type":"article","og_title":"Livrare - Bacania Boiereasca Suceava","og_description":"LIVRAM LA TINE ACASA! Comanda de la noi cu livrare la domiciliu daca locuiesti in municipiul Suceava, Moara, Scheia, Ipotesti,","og_url":"https:\/\/www.bacaniaboiereasca.ro\/magazin-online\/livrare\/","og_site_name":"Bacania Boiereasca Suceava","article_modified_time":"2024-01-16T12:40:23+00:00","twitter_card":"summary_large_image","twitter_misc":{"Timp estimat pentru citire":"3 minute"},"schema":{"@context":"https:\/\/schema.org","@graph":[{"@type":"WebPage","@id":"https:\/\/www.bacaniaboiereasca.ro\/magazin-online\/livrare\/","url":"https:\/\/www.bacaniaboiereasca.ro\/magazin-online\/livrare\/","name":"Livrare - Bacania Boiereasca Suceava","isPartOf":{"@id":"https:\/\/www.bacaniaboiereasca.ro\/magazin-online\/#website"},"datePublished":"2021-01-14T11:22:41+00:00","dateModified":"2024-01-16T12:40:23+00:00","breadcrumb":{"@id":"https:\/\/www.bacaniaboiereasca.ro\/magazin-online\/livrare\/#breadcrumb"},"inLanguage":"ro-RO","potentialAction":[{"@type":"ReadAction","target":["https:\/\/www.bacaniaboiereasca.ro\/magazin-online\/livrare\/"]}]},{"@type":"BreadcrumbList","@id":"https:\/\/www.bacaniaboiereasca.ro\/magazin-online\/livrare\/#breadcrumb","itemListElement":[{"@type":"ListItem","position":1,"name":"Prima pagin\u0103","item":"https:\/\/www.bacaniaboiereasca.ro\/magazin-online\/"},{"@type":"ListItem","position":2,"name":"Livrare"}]},{"@type":"WebSite","@id":"https:\/\/www.bacaniaboiereasca.ro\/magazin-online\/#website","url":"https:\/\/www.bacaniaboiereasca.ro\/magazin-online\/","name":"Bacania Boiereasca Suceava","description":"Magazin Online","potentialAction":[{"@type":"SearchAction","target":{"@type":"EntryPoint","urlTemplate":"https:\/\/www.bacaniaboiereasca.ro\/magazin-online\/?s={search_term_string}"},"query-input":{"@type":"PropertyValueSpecification","valueRequired":true,"valueName":"search_term_string"}}],"inLanguage":"ro-RO"}]}},"jetpack_sharing_enabled":true,"_links":{"self":[{"href":"https:\/\/www.bacaniaboiereasca.ro\/magazin-online\/wp-json\/wp\/v2\/pages\/10039","targetHints":{"allow":["GET"]}}],"collection":[{"href":"https:\/\/www.bacaniaboiereasca.ro\/magazin-online\/wp-json\/wp\/v2\/pages"}],"about":[{"href":"https:\/\/www.bacaniaboiereasca.ro\/magazin-online\/wp-json\/wp\/v2\/types\/page"}],"author":[{"embeddable":true,"href":"https:\/\/www.bacaniaboiereasca.ro\/magazin-online\/wp-json\/wp\/v2\/users\/1"}],"replies":[{"embeddable":true,"href":"https:\/\/www.bacaniaboiereasca.ro\/magazin-online\/wp-json\/wp\/v2\/comments?post=10039"}],"version-history":[{"count":38,"href":"https:\/\/www.bacaniaboiereasca.ro\/magazin-online\/wp-json\/wp\/v2\/pages\/10039\/revisions"}],"predecessor-version":[{"id":12884,"href":"https:\/\/www.bacaniaboiereasca.ro\/magazin-online\/wp-json\/wp\/v2\/pages\/10039\/revisions\/12884"}],"wp:attachment":[{"href":"https:\/\/www.bacaniaboiereasca.ro\/magazin-online\/wp-json\/wp\/v2\/media?parent=10039"}],"curies":[{"name":"wp","href":"https:\/\/api.w.org\/{rel}","templated":true}]}}