{"id":10621,"date":"2021-05-20T18:40:56","date_gmt":"2021-05-20T18:40:56","guid":{"rendered":"https:\/\/www.bacaniaboiereasca.ro\/magazin-online\/?post_type=product&#038;p=10621"},"modified":"2026-04-25T13:19:38","modified_gmt":"2026-04-25T13:19:38","slug":"gratar-box","status":"publish","type":"product","link":"https:\/\/www.bacaniaboiereasca.ro\/magazin-online\/produs\/gratar-box\/","title":{"rendered":"Gratar Box"},"content":{"rendered":"","protected":false},"excerpt":{"rendered":"<div dir=\"auto\">Pachetul Gratar Box con\u021bine 6 produse, respectiv:<\/div>\n<div dir=\"auto\"><\/div>\n<div dir=\"auto\">Mici vit\u0103-porc<\/div>\n<div dir=\"auto\">C\u00e2rn\u0103ciori proaspe\u021bi (patricieni)<\/div>\n<div dir=\"auto\">Frig\u0103rui de vit\u0103<\/div>\n<div dir=\"auto\">Ceaf\u0103 marinat\u0103 de porc<\/div>\n<div dir=\"auto\">Coaste de porc<\/div>\n<div dir=\"auto\">Burgeri din carne de vit\u0103 Angus<\/div>\n<div dir=\"auto\"><\/div>\n<div dir=\"auto\">Aproximativ 5 kg\/ potrivit pentru 6-8 persoane<\/div>\n<div dir=\"auto\">Pachetul va fi ambalat \u00eentr-o cutie personalizat\u0103, de carton.<\/div>\n","protected":false},"featured_media":10622,"template":"","meta":[],"product_brand":[],"product_cat":[66],"product_tag":[],"class_list":{"0":"post-10621","1":"product","2":"type-product","3":"status-publish","4":"has-post-thumbnail","6":"product_cat-cruditati","8":"first","9":"onbackorder","10":"shipping-taxable","11":"purchasable","12":"product-type-simple"},"yoast_head":"<!-- This site is optimized with the Yoast SEO plugin v27.0 - https:\/\/yoast.com\/product\/yoast-seo-wordpress\/ -->\n<title>Gratar Box - Bacania Boiereasca Suceava<\/title>\n<meta name=\"robots\" content=\"index, follow, max-snippet:-1, max-image-preview:large, max-video-preview:-1\" \/>\n<link rel=\"canonical\" href=\"https:\/\/www.bacaniaboiereasca.ro\/magazin-online\/produs\/gratar-box\/\" \/>\n<meta property=\"og:locale\" content=\"ro_RO\" \/>\n<meta property=\"og:type\" content=\"article\" \/>\n<meta property=\"og:title\" content=\"Gratar Box - Bacania Boiereasca Suceava\" \/>\n<meta property=\"og:description\" content=\"Pachetul Gratar Box con\u021bine 6 produse, respectiv:  Mici vit\u0103-porc C\u00e2rn\u0103ciori proaspe\u021bi (patricieni) Frig\u0103rui de vit\u0103 Ceaf\u0103 marinat\u0103 de porc Coaste de porc Burgeri din carne de vit\u0103 Angus  Aproximativ 5 kg\/ potrivit pentru 6-8 persoane Pachetul va fi ambalat \u00eentr-o cutie personalizat\u0103, de carton.\" \/>\n<meta property=\"og:url\" content=\"https:\/\/www.bacaniaboiereasca.ro\/magazin-online\/produs\/gratar-box\/\" \/>\n<meta property=\"og:site_name\" content=\"Bacania Boiereasca Suceava\" \/>\n<meta property=\"article:modified_time\" content=\"2026-04-25T13:19:38+00:00\" \/>\n<meta property=\"og:image\" content=\"https:\/\/www.bacaniaboiereasca.ro\/magazin-online\/wp-content\/uploads\/2021\/05\/187557268_2837217543199691_3799448247186534256_n.jpg\" \/>\n\t<meta property=\"og:image:width\" content=\"1440\" \/>\n\t<meta property=\"og:image:height\" content=\"984\" \/>\n\t<meta property=\"og:image:type\" content=\"image\/jpeg\" \/>\n<meta name=\"twitter:card\" content=\"summary_large_image\" \/>\n<meta name=\"twitter:label1\" content=\"Timp estimat pentru citire\" \/>\n\t<meta name=\"twitter:data1\" content=\"1 minut\" \/>\n<script type=\"application\/ld+json\" class=\"yoast-schema-graph\">{\"@context\":\"https:\/\/schema.org\",\"@graph\":[{\"@type\":\"WebPage\",\"@id\":\"https:\/\/www.bacaniaboiereasca.ro\/magazin-online\/produs\/gratar-box\/\",\"url\":\"https:\/\/www.bacaniaboiereasca.ro\/magazin-online\/produs\/gratar-box\/\",\"name\":\"Gratar Box - Bacania Boiereasca Suceava\",\"isPartOf\":{\"@id\":\"https:\/\/www.bacaniaboiereasca.ro\/magazin-online\/#website\"},\"primaryImageOfPage\":{\"@id\":\"https:\/\/www.bacaniaboiereasca.ro\/magazin-online\/produs\/gratar-box\/#primaryimage\"},\"image\":{\"@id\":\"https:\/\/www.bacaniaboiereasca.ro\/magazin-online\/produs\/gratar-box\/#primaryimage\"},\"thumbnailUrl\":\"https:\/\/i0.wp.com\/www.bacaniaboiereasca.ro\/magazin-online\/wp-content\/uploads\/2021\/05\/187557268_2837217543199691_3799448247186534256_n.jpg?fit=1440%2C984&ssl=1\",\"datePublished\":\"2021-05-20T18:40:56+00:00\",\"dateModified\":\"2026-04-25T13:19:38+00:00\",\"breadcrumb\":{\"@id\":\"https:\/\/www.bacaniaboiereasca.ro\/magazin-online\/produs\/gratar-box\/#breadcrumb\"},\"inLanguage\":\"ro-RO\",\"potentialAction\":[{\"@type\":\"ReadAction\",\"target\":[\"https:\/\/www.bacaniaboiereasca.ro\/magazin-online\/produs\/gratar-box\/\"]}]},{\"@type\":\"ImageObject\",\"inLanguage\":\"ro-RO\",\"@id\":\"https:\/\/www.bacaniaboiereasca.ro\/magazin-online\/produs\/gratar-box\/#primaryimage\",\"url\":\"https:\/\/i0.wp.com\/www.bacaniaboiereasca.ro\/magazin-online\/wp-content\/uploads\/2021\/05\/187557268_2837217543199691_3799448247186534256_n.jpg?fit=1440%2C984&ssl=1\",\"contentUrl\":\"https:\/\/i0.wp.com\/www.bacaniaboiereasca.ro\/magazin-online\/wp-content\/uploads\/2021\/05\/187557268_2837217543199691_3799448247186534256_n.jpg?fit=1440%2C984&ssl=1\",\"width\":1440,\"height\":984},{\"@type\":\"BreadcrumbList\",\"@id\":\"https:\/\/www.bacaniaboiereasca.ro\/magazin-online\/produs\/gratar-box\/#breadcrumb\",\"itemListElement\":[{\"@type\":\"ListItem\",\"position\":1,\"name\":\"Prima pagin\u0103\",\"item\":\"https:\/\/www.bacaniaboiereasca.ro\/magazin-online\/\"},{\"@type\":\"ListItem\",\"position\":2,\"name\":\"Magazin\",\"item\":\"https:\/\/www.bacaniaboiereasca.ro\/magazin-online\/shop\/\"},{\"@type\":\"ListItem\",\"position\":3,\"name\":\"Gratar Box\"}]},{\"@type\":\"WebSite\",\"@id\":\"https:\/\/www.bacaniaboiereasca.ro\/magazin-online\/#website\",\"url\":\"https:\/\/www.bacaniaboiereasca.ro\/magazin-online\/\",\"name\":\"Bacania Boiereasca Suceava\",\"description\":\"Magazin Online\",\"potentialAction\":[{\"@type\":\"SearchAction\",\"target\":{\"@type\":\"EntryPoint\",\"urlTemplate\":\"https:\/\/www.bacaniaboiereasca.ro\/magazin-online\/?s={search_term_string}\"},\"query-input\":{\"@type\":\"PropertyValueSpecification\",\"valueRequired\":true,\"valueName\":\"search_term_string\"}}],\"inLanguage\":\"ro-RO\"}]}<\/script>\n<!-- \/ Yoast SEO plugin. -->","yoast_head_json":{"title":"Gratar Box - Bacania Boiereasca Suceava","robots":{"index":"index","follow":"follow","max-snippet":"max-snippet:-1","max-image-preview":"max-image-preview:large","max-video-preview":"max-video-preview:-1"},"canonical":"https:\/\/www.bacaniaboiereasca.ro\/magazin-online\/produs\/gratar-box\/","og_locale":"ro_RO","og_type":"article","og_title":"Gratar Box - Bacania Boiereasca Suceava","og_description":"Pachetul Gratar Box con\u021bine 6 produse, respectiv:  Mici vit\u0103-porc C\u00e2rn\u0103ciori proaspe\u021bi (patricieni) Frig\u0103rui de vit\u0103 Ceaf\u0103 marinat\u0103 de porc Coaste de porc Burgeri din carne de vit\u0103 Angus  Aproximativ 5 kg\/ potrivit pentru 6-8 persoane Pachetul va fi ambalat \u00eentr-o cutie personalizat\u0103, de carton.","og_url":"https:\/\/www.bacaniaboiereasca.ro\/magazin-online\/produs\/gratar-box\/","og_site_name":"Bacania Boiereasca Suceava","article_modified_time":"2026-04-25T13:19:38+00:00","og_image":[{"width":1440,"height":984,"url":"https:\/\/www.bacaniaboiereasca.ro\/magazin-online\/wp-content\/uploads\/2021\/05\/187557268_2837217543199691_3799448247186534256_n.jpg","type":"image\/jpeg"}],"twitter_card":"summary_large_image","twitter_misc":{"Timp estimat pentru citire":"1 minut"},"schema":{"@context":"https:\/\/schema.org","@graph":[{"@type":"WebPage","@id":"https:\/\/www.bacaniaboiereasca.ro\/magazin-online\/produs\/gratar-box\/","url":"https:\/\/www.bacaniaboiereasca.ro\/magazin-online\/produs\/gratar-box\/","name":"Gratar Box - Bacania Boiereasca Suceava","isPartOf":{"@id":"https:\/\/www.bacaniaboiereasca.ro\/magazin-online\/#website"},"primaryImageOfPage":{"@id":"https:\/\/www.bacaniaboiereasca.ro\/magazin-online\/produs\/gratar-box\/#primaryimage"},"image":{"@id":"https:\/\/www.bacaniaboiereasca.ro\/magazin-online\/produs\/gratar-box\/#primaryimage"},"thumbnailUrl":"https:\/\/i0.wp.com\/www.bacaniaboiereasca.ro\/magazin-online\/wp-content\/uploads\/2021\/05\/187557268_2837217543199691_3799448247186534256_n.jpg?fit=1440%2C984&ssl=1","datePublished":"2021-05-20T18:40:56+00:00","dateModified":"2026-04-25T13:19:38+00:00","breadcrumb":{"@id":"https:\/\/www.bacaniaboiereasca.ro\/magazin-online\/produs\/gratar-box\/#breadcrumb"},"inLanguage":"ro-RO","potentialAction":[{"@type":"ReadAction","target":["https:\/\/www.bacaniaboiereasca.ro\/magazin-online\/produs\/gratar-box\/"]}]},{"@type":"ImageObject","inLanguage":"ro-RO","@id":"https:\/\/www.bacaniaboiereasca.ro\/magazin-online\/produs\/gratar-box\/#primaryimage","url":"https:\/\/i0.wp.com\/www.bacaniaboiereasca.ro\/magazin-online\/wp-content\/uploads\/2021\/05\/187557268_2837217543199691_3799448247186534256_n.jpg?fit=1440%2C984&ssl=1","contentUrl":"https:\/\/i0.wp.com\/www.bacaniaboiereasca.ro\/magazin-online\/wp-content\/uploads\/2021\/05\/187557268_2837217543199691_3799448247186534256_n.jpg?fit=1440%2C984&ssl=1","width":1440,"height":984},{"@type":"BreadcrumbList","@id":"https:\/\/www.bacaniaboiereasca.ro\/magazin-online\/produs\/gratar-box\/#breadcrumb","itemListElement":[{"@type":"ListItem","position":1,"name":"Prima pagin\u0103","item":"https:\/\/www.bacaniaboiereasca.ro\/magazin-online\/"},{"@type":"ListItem","position":2,"name":"Magazin","item":"https:\/\/www.bacaniaboiereasca.ro\/magazin-online\/shop\/"},{"@type":"ListItem","position":3,"name":"Gratar Box"}]},{"@type":"WebSite","@id":"https:\/\/www.bacaniaboiereasca.ro\/magazin-online\/#website","url":"https:\/\/www.bacaniaboiereasca.ro\/magazin-online\/","name":"Bacania Boiereasca Suceava","description":"Magazin Online","potentialAction":[{"@type":"SearchAction","target":{"@type":"EntryPoint","urlTemplate":"https:\/\/www.bacaniaboiereasca.ro\/magazin-online\/?s={search_term_string}"},"query-input":{"@type":"PropertyValueSpecification","valueRequired":true,"valueName":"search_term_string"}}],"inLanguage":"ro-RO"}]}},"jetpack_sharing_enabled":true,"_links":{"self":[{"href":"https:\/\/www.bacaniaboiereasca.ro\/magazin-online\/wp-json\/wp\/v2\/product\/10621","targetHints":{"allow":["GET"]}}],"collection":[{"href":"https:\/\/www.bacaniaboiereasca.ro\/magazin-online\/wp-json\/wp\/v2\/product"}],"about":[{"href":"https:\/\/www.bacaniaboiereasca.ro\/magazin-online\/wp-json\/wp\/v2\/types\/product"}],"wp:featuredmedia":[{"embeddable":true,"href":"https:\/\/www.bacaniaboiereasca.ro\/magazin-online\/wp-json\/wp\/v2\/media\/10622"}],"wp:attachment":[{"href":"https:\/\/www.bacaniaboiereasca.ro\/magazin-online\/wp-json\/wp\/v2\/media?parent=10621"}],"wp:term":[{"taxonomy":"product_brand","embeddable":true,"href":"https:\/\/www.bacaniaboiereasca.ro\/magazin-online\/wp-json\/wp\/v2\/product_brand?post=10621"},{"taxonomy":"product_cat","embeddable":true,"href":"https:\/\/www.bacaniaboiereasca.ro\/magazin-online\/wp-json\/wp\/v2\/product_cat?post=10621"},{"taxonomy":"product_tag","embeddable":true,"href":"https:\/\/www.bacaniaboiereasca.ro\/magazin-online\/wp-json\/wp\/v2\/product_tag?post=10621"}],"curies":[{"name":"wp","href":"https:\/\/api.w.org\/{rel}","templated":true}]}}