{"id":11043,"date":"2021-11-30T12:13:31","date_gmt":"2021-11-30T12:13:31","guid":{"rendered":"https:\/\/www.bacaniaboiereasca.ro\/magazin-online\/?post_type=product&#038;p=11043"},"modified":"2026-03-10T20:48:29","modified_gmt":"2026-03-10T20:48:29","slug":"bunatati-de-craciun-la-pachet","status":"publish","type":"product","link":"https:\/\/www.bacaniaboiereasca.ro\/magazin-online\/produs\/bunatati-de-craciun-la-pachet\/","title":{"rendered":"Bunatati de Craciun la pachet"},"content":{"rendered":"","protected":false},"excerpt":{"rendered":"<p>** un pachet con\u021bine aproximativ\u00a0 3.7 kg preparate (cabanos, c\u00e2rna\u021bi m\u0103cel\u0103re\u0219ti de porc, ceaf\u0103 \u0219i cotlet afumate de porc, kaizer, mu\u0219chiule\u021b Montana, sl\u0103nin\u0103 la fum \u0219i salam de vit\u0103 Angus cu nuc\u0103) ambalate \u00eentr-o cutie cartonat\u0103, personalizat\u0103;<\/p>\n","protected":false},"featured_media":14716,"template":"","meta":[],"product_brand":[],"product_cat":[100],"product_tag":[],"class_list":{"0":"post-11043","1":"product","2":"type-product","3":"status-publish","4":"has-post-thumbnail","6":"product_cat-cadouri","8":"first","9":"outofstock","10":"shipping-taxable","11":"purchasable","12":"product-type-simple"},"yoast_head":"<!-- This site is optimized with the Yoast SEO plugin v27.0 - https:\/\/yoast.com\/product\/yoast-seo-wordpress\/ -->\n<title>Bunatati de Craciun la pachet - Bacania Boiereasca Suceava<\/title>\n<meta name=\"description\" content=\"Pune pe masa de s\u0103rb\u0103tori preparate afumate artizanal, realizate doar din carne \u0219i c\u00e2teva ingrediente pentru gust. Comand\u0103 Pachetul de Cr\u0103ciun!\" \/>\n<meta name=\"robots\" content=\"index, follow, max-snippet:-1, max-image-preview:large, max-video-preview:-1\" \/>\n<link rel=\"canonical\" href=\"https:\/\/www.bacaniaboiereasca.ro\/magazin-online\/produs\/bunatati-de-craciun-la-pachet\/\" \/>\n<meta property=\"og:locale\" content=\"ro_RO\" \/>\n<meta property=\"og:type\" content=\"article\" \/>\n<meta property=\"og:title\" content=\"Bunatati de Craciun la pachet - Bacania Boiereasca Suceava\" \/>\n<meta property=\"og:description\" content=\"Pune pe masa de s\u0103rb\u0103tori preparate afumate artizanal, realizate doar din carne \u0219i c\u00e2teva ingrediente pentru gust. Comand\u0103 Pachetul de Cr\u0103ciun!\" \/>\n<meta property=\"og:url\" content=\"https:\/\/www.bacaniaboiereasca.ro\/magazin-online\/produs\/bunatati-de-craciun-la-pachet\/\" \/>\n<meta property=\"og:site_name\" content=\"Bacania Boiereasca Suceava\" \/>\n<meta property=\"article:modified_time\" content=\"2026-03-10T20:48:29+00:00\" \/>\n<meta property=\"og:image\" content=\"https:\/\/www.bacaniaboiereasca.ro\/magazin-online\/wp-content\/uploads\/2021\/11\/DSC3747-scaled.jpg\" \/>\n\t<meta property=\"og:image:width\" content=\"1703\" \/>\n\t<meta property=\"og:image:height\" content=\"2560\" \/>\n\t<meta property=\"og:image:type\" content=\"image\/jpeg\" \/>\n<meta name=\"twitter:card\" content=\"summary_large_image\" \/>\n<meta name=\"twitter:label1\" content=\"Timp estimat pentru citire\" \/>\n\t<meta name=\"twitter:data1\" content=\"1 minut\" \/>\n<script type=\"application\/ld+json\" class=\"yoast-schema-graph\">{\"@context\":\"https:\/\/schema.org\",\"@graph\":[{\"@type\":\"WebPage\",\"@id\":\"https:\/\/www.bacaniaboiereasca.ro\/magazin-online\/produs\/bunatati-de-craciun-la-pachet\/\",\"url\":\"https:\/\/www.bacaniaboiereasca.ro\/magazin-online\/produs\/bunatati-de-craciun-la-pachet\/\",\"name\":\"Bunatati de Craciun la pachet - Bacania Boiereasca Suceava\",\"isPartOf\":{\"@id\":\"https:\/\/www.bacaniaboiereasca.ro\/magazin-online\/#website\"},\"primaryImageOfPage\":{\"@id\":\"https:\/\/www.bacaniaboiereasca.ro\/magazin-online\/produs\/bunatati-de-craciun-la-pachet\/#primaryimage\"},\"image\":{\"@id\":\"https:\/\/www.bacaniaboiereasca.ro\/magazin-online\/produs\/bunatati-de-craciun-la-pachet\/#primaryimage\"},\"thumbnailUrl\":\"https:\/\/i0.wp.com\/www.bacaniaboiereasca.ro\/magazin-online\/wp-content\/uploads\/2021\/11\/DSC3747-scaled.jpg?fit=1703%2C2560&ssl=1\",\"datePublished\":\"2021-11-30T12:13:31+00:00\",\"dateModified\":\"2026-03-10T20:48:29+00:00\",\"description\":\"Pune pe masa de s\u0103rb\u0103tori preparate afumate artizanal, realizate doar din carne \u0219i c\u00e2teva ingrediente pentru gust. Comand\u0103 Pachetul de Cr\u0103ciun!\",\"breadcrumb\":{\"@id\":\"https:\/\/www.bacaniaboiereasca.ro\/magazin-online\/produs\/bunatati-de-craciun-la-pachet\/#breadcrumb\"},\"inLanguage\":\"ro-RO\",\"potentialAction\":[{\"@type\":\"ReadAction\",\"target\":[\"https:\/\/www.bacaniaboiereasca.ro\/magazin-online\/produs\/bunatati-de-craciun-la-pachet\/\"]}]},{\"@type\":\"ImageObject\",\"inLanguage\":\"ro-RO\",\"@id\":\"https:\/\/www.bacaniaboiereasca.ro\/magazin-online\/produs\/bunatati-de-craciun-la-pachet\/#primaryimage\",\"url\":\"https:\/\/i0.wp.com\/www.bacaniaboiereasca.ro\/magazin-online\/wp-content\/uploads\/2021\/11\/DSC3747-scaled.jpg?fit=1703%2C2560&ssl=1\",\"contentUrl\":\"https:\/\/i0.wp.com\/www.bacaniaboiereasca.ro\/magazin-online\/wp-content\/uploads\/2021\/11\/DSC3747-scaled.jpg?fit=1703%2C2560&ssl=1\",\"width\":1703,\"height\":2560},{\"@type\":\"BreadcrumbList\",\"@id\":\"https:\/\/www.bacaniaboiereasca.ro\/magazin-online\/produs\/bunatati-de-craciun-la-pachet\/#breadcrumb\",\"itemListElement\":[{\"@type\":\"ListItem\",\"position\":1,\"name\":\"Prima pagin\u0103\",\"item\":\"https:\/\/www.bacaniaboiereasca.ro\/magazin-online\/\"},{\"@type\":\"ListItem\",\"position\":2,\"name\":\"Magazin\",\"item\":\"https:\/\/www.bacaniaboiereasca.ro\/magazin-online\/shop\/\"},{\"@type\":\"ListItem\",\"position\":3,\"name\":\"Bunatati de Craciun la pachet\"}]},{\"@type\":\"WebSite\",\"@id\":\"https:\/\/www.bacaniaboiereasca.ro\/magazin-online\/#website\",\"url\":\"https:\/\/www.bacaniaboiereasca.ro\/magazin-online\/\",\"name\":\"Bacania Boiereasca Suceava\",\"description\":\"Magazin Online\",\"potentialAction\":[{\"@type\":\"SearchAction\",\"target\":{\"@type\":\"EntryPoint\",\"urlTemplate\":\"https:\/\/www.bacaniaboiereasca.ro\/magazin-online\/?s={search_term_string}\"},\"query-input\":{\"@type\":\"PropertyValueSpecification\",\"valueRequired\":true,\"valueName\":\"search_term_string\"}}],\"inLanguage\":\"ro-RO\"}]}<\/script>\n<!-- \/ Yoast SEO plugin. -->","yoast_head_json":{"title":"Bunatati de Craciun la pachet - Bacania Boiereasca Suceava","description":"Pune pe masa de s\u0103rb\u0103tori preparate afumate artizanal, realizate doar din carne \u0219i c\u00e2teva ingrediente pentru gust. Comand\u0103 Pachetul de Cr\u0103ciun!","robots":{"index":"index","follow":"follow","max-snippet":"max-snippet:-1","max-image-preview":"max-image-preview:large","max-video-preview":"max-video-preview:-1"},"canonical":"https:\/\/www.bacaniaboiereasca.ro\/magazin-online\/produs\/bunatati-de-craciun-la-pachet\/","og_locale":"ro_RO","og_type":"article","og_title":"Bunatati de Craciun la pachet - Bacania Boiereasca Suceava","og_description":"Pune pe masa de s\u0103rb\u0103tori preparate afumate artizanal, realizate doar din carne \u0219i c\u00e2teva ingrediente pentru gust. Comand\u0103 Pachetul de Cr\u0103ciun!","og_url":"https:\/\/www.bacaniaboiereasca.ro\/magazin-online\/produs\/bunatati-de-craciun-la-pachet\/","og_site_name":"Bacania Boiereasca Suceava","article_modified_time":"2026-03-10T20:48:29+00:00","og_image":[{"width":1703,"height":2560,"url":"https:\/\/www.bacaniaboiereasca.ro\/magazin-online\/wp-content\/uploads\/2021\/11\/DSC3747-scaled.jpg","type":"image\/jpeg"}],"twitter_card":"summary_large_image","twitter_misc":{"Timp estimat pentru citire":"1 minut"},"schema":{"@context":"https:\/\/schema.org","@graph":[{"@type":"WebPage","@id":"https:\/\/www.bacaniaboiereasca.ro\/magazin-online\/produs\/bunatati-de-craciun-la-pachet\/","url":"https:\/\/www.bacaniaboiereasca.ro\/magazin-online\/produs\/bunatati-de-craciun-la-pachet\/","name":"Bunatati de Craciun la pachet - Bacania Boiereasca Suceava","isPartOf":{"@id":"https:\/\/www.bacaniaboiereasca.ro\/magazin-online\/#website"},"primaryImageOfPage":{"@id":"https:\/\/www.bacaniaboiereasca.ro\/magazin-online\/produs\/bunatati-de-craciun-la-pachet\/#primaryimage"},"image":{"@id":"https:\/\/www.bacaniaboiereasca.ro\/magazin-online\/produs\/bunatati-de-craciun-la-pachet\/#primaryimage"},"thumbnailUrl":"https:\/\/i0.wp.com\/www.bacaniaboiereasca.ro\/magazin-online\/wp-content\/uploads\/2021\/11\/DSC3747-scaled.jpg?fit=1703%2C2560&ssl=1","datePublished":"2021-11-30T12:13:31+00:00","dateModified":"2026-03-10T20:48:29+00:00","description":"Pune pe masa de s\u0103rb\u0103tori preparate afumate artizanal, realizate doar din carne \u0219i c\u00e2teva ingrediente pentru gust. Comand\u0103 Pachetul de Cr\u0103ciun!","breadcrumb":{"@id":"https:\/\/www.bacaniaboiereasca.ro\/magazin-online\/produs\/bunatati-de-craciun-la-pachet\/#breadcrumb"},"inLanguage":"ro-RO","potentialAction":[{"@type":"ReadAction","target":["https:\/\/www.bacaniaboiereasca.ro\/magazin-online\/produs\/bunatati-de-craciun-la-pachet\/"]}]},{"@type":"ImageObject","inLanguage":"ro-RO","@id":"https:\/\/www.bacaniaboiereasca.ro\/magazin-online\/produs\/bunatati-de-craciun-la-pachet\/#primaryimage","url":"https:\/\/i0.wp.com\/www.bacaniaboiereasca.ro\/magazin-online\/wp-content\/uploads\/2021\/11\/DSC3747-scaled.jpg?fit=1703%2C2560&ssl=1","contentUrl":"https:\/\/i0.wp.com\/www.bacaniaboiereasca.ro\/magazin-online\/wp-content\/uploads\/2021\/11\/DSC3747-scaled.jpg?fit=1703%2C2560&ssl=1","width":1703,"height":2560},{"@type":"BreadcrumbList","@id":"https:\/\/www.bacaniaboiereasca.ro\/magazin-online\/produs\/bunatati-de-craciun-la-pachet\/#breadcrumb","itemListElement":[{"@type":"ListItem","position":1,"name":"Prima pagin\u0103","item":"https:\/\/www.bacaniaboiereasca.ro\/magazin-online\/"},{"@type":"ListItem","position":2,"name":"Magazin","item":"https:\/\/www.bacaniaboiereasca.ro\/magazin-online\/shop\/"},{"@type":"ListItem","position":3,"name":"Bunatati de Craciun la pachet"}]},{"@type":"WebSite","@id":"https:\/\/www.bacaniaboiereasca.ro\/magazin-online\/#website","url":"https:\/\/www.bacaniaboiereasca.ro\/magazin-online\/","name":"Bacania Boiereasca Suceava","description":"Magazin Online","potentialAction":[{"@type":"SearchAction","target":{"@type":"EntryPoint","urlTemplate":"https:\/\/www.bacaniaboiereasca.ro\/magazin-online\/?s={search_term_string}"},"query-input":{"@type":"PropertyValueSpecification","valueRequired":true,"valueName":"search_term_string"}}],"inLanguage":"ro-RO"}]}},"jetpack_sharing_enabled":true,"_links":{"self":[{"href":"https:\/\/www.bacaniaboiereasca.ro\/magazin-online\/wp-json\/wp\/v2\/product\/11043","targetHints":{"allow":["GET"]}}],"collection":[{"href":"https:\/\/www.bacaniaboiereasca.ro\/magazin-online\/wp-json\/wp\/v2\/product"}],"about":[{"href":"https:\/\/www.bacaniaboiereasca.ro\/magazin-online\/wp-json\/wp\/v2\/types\/product"}],"wp:featuredmedia":[{"embeddable":true,"href":"https:\/\/www.bacaniaboiereasca.ro\/magazin-online\/wp-json\/wp\/v2\/media\/14716"}],"wp:attachment":[{"href":"https:\/\/www.bacaniaboiereasca.ro\/magazin-online\/wp-json\/wp\/v2\/media?parent=11043"}],"wp:term":[{"taxonomy":"product_brand","embeddable":true,"href":"https:\/\/www.bacaniaboiereasca.ro\/magazin-online\/wp-json\/wp\/v2\/product_brand?post=11043"},{"taxonomy":"product_cat","embeddable":true,"href":"https:\/\/www.bacaniaboiereasca.ro\/magazin-online\/wp-json\/wp\/v2\/product_cat?post=11043"},{"taxonomy":"product_tag","embeddable":true,"href":"https:\/\/www.bacaniaboiereasca.ro\/magazin-online\/wp-json\/wp\/v2\/product_tag?post=11043"}],"curies":[{"name":"wp","href":"https:\/\/api.w.org\/{rel}","templated":true}]}}